	{"id":115,"date":"2015-02-13T12:18:32","date_gmt":"2015-02-13T11:18:32","guid":{"rendered":"https:\/\/www.roller-rop.fr\/campus\/course\/?page_id=96"},"modified":"2016-09-05T19:25:30","modified_gmt":"2016-09-05T18:25:30","slug":"lieux-horaires","status":"publish","type":"page","link":"https:\/\/course.roller-rop.fr\/?page_id=115","title":{"rendered":"Lieux &amp; horaires"},"content":{"rendered":"<p><strong><span style=\"font-size: large\">Cours de l&rsquo;\u00e9cole de course pour la saison 2016-2017<\/span><\/strong><\/p>\n<p><strong>Responsable :<\/strong> Guillaume Sire<\/p>\n<ul>\n<li>Le lundi\u00a0 de 18h45 \u00e0 20h00 <span style=\"color: #4ca43c\"><strong>(lieux divers et vari\u00e9s)<br \/>\n<\/strong><\/span><\/li>\n<li>Le mercredi de 15h15 \u00e0 16h45 sur <span style=\"color: #4ca43c\"><strong>la piste de La Trocardi\u00e8re<\/strong><\/span><\/li>\n<li>Le mercredi de 17h00 \u00e0 18h15 Salle : <span style=\"color: #4ca43c\"><strong>Cit\u00e9s Unies<\/strong><\/span><\/li>\n<li>Le vendredi de 18h00 \u00e0 19h30 sur l&rsquo;<span style=\"color: #4ca43c\"><strong>anneau de La Neustrie<\/strong><\/span><\/li>\n<\/ul>\n","protected":false},"excerpt":{"rendered":"<p>Cours de l&rsquo;\u00e9cole de course pour la saison 2016-2017 Responsable : Guillaume Sire Le lundi\u00a0 de 18h45 \u00e0 20h00 (lieux divers et vari\u00e9s) Le mercredi de 15h15 \u00e0 16h45 sur la piste de La Trocardi\u00e8re Le mercredi de 17h00 \u00e0 18h15 Salle : Cit\u00e9s Unies Le vendredi de 18h00 \u00e0 19h30 sur l&rsquo;anneau de La [&hellip;]<\/p>\n","protected":false},"author":1,"featured_media":0,"parent":0,"menu_order":0,"comment_status":"closed","ping_status":"open","template":"","meta":[],"_links":{"self":[{"href":"https:\/\/course.roller-rop.fr\/index.php?rest_route=\/wp\/v2\/pages\/115"}],"collection":[{"href":"https:\/\/course.roller-rop.fr\/index.php?rest_route=\/wp\/v2\/pages"}],"about":[{"href":"https:\/\/course.roller-rop.fr\/index.php?rest_route=\/wp\/v2\/types\/page"}],"author":[{"embeddable":true,"href":"https:\/\/course.roller-rop.fr\/index.php?rest_route=\/wp\/v2\/users\/1"}],"replies":[{"embeddable":true,"href":"https:\/\/course.roller-rop.fr\/index.php?rest_route=%2Fwp%2Fv2%2Fcomments&post=115"}],"version-history":[{"count":3,"href":"https:\/\/course.roller-rop.fr\/index.php?rest_route=\/wp\/v2\/pages\/115\/revisions"}],"predecessor-version":[{"id":238,"href":"https:\/\/course.roller-rop.fr\/index.php?rest_route=\/wp\/v2\/pages\/115\/revisions\/238"}],"wp:attachment":[{"href":"https:\/\/course.roller-rop.fr\/index.php?rest_route=%2Fwp%2Fv2%2Fmedia&parent=115"}],"curies":[{"name":"wp","href":"https:\/\/api.w.org\/{rel}","templated":true}]}}